{"id":198,"date":"2024-05-26T19:49:18","date_gmt":"2024-05-26T19:49:18","guid":{"rendered":"https:\/\/cardakodcarine.com\/?page_id=198"},"modified":"2025-04-26T12:49:15","modified_gmt":"2025-04-26T12:49:15","slug":"nasi-proizvodi","status":"publish","type":"page","link":"https:\/\/cardakodcarine.com\/index.php\/nasi-proizvodi\/","title":{"rendered":"Na\u0161i proizvodi"},"content":{"rendered":"<p>[et_pb_section fb_built=&#8221;1&#8243; admin_label=&#8221;Header&#8221; _builder_version=&#8221;4.25.1&#8243; background_color=&#8221;#000000&#8243; background_image=&#8221;https:\/\/cardakodcarine.com\/wp-content\/uploads\/2024\/05\/Nenaslovljeni-dizajn-55.png&#8221; transform_scale=&#8221;104%|104%&#8221; width=&#8221;100%&#8221; max_width=&#8221;100%&#8221; height=&#8221;260px&#8221; custom_padding=&#8221;||||false|false&#8221; animation_style=&#8221;slide&#8221; locked=&#8221;off&#8221; global_colors_info=&#8221;{}&#8221;][et_pb_row _builder_version=&#8221;4.25.1&#8243; _module_preset=&#8221;default&#8221; global_colors_info=&#8221;{}&#8221;][et_pb_column type=&#8221;4_4&#8243; _builder_version=&#8221;4.25.1&#8243; _module_preset=&#8221;default&#8221; global_colors_info=&#8221;{}&#8221;][et_pb_text _builder_version=&#8221;4.25.1&#8243; _module_preset=&#8221;default&#8221; header_2_font=&#8221;Playfair Display||||||||&#8221; header_2_text_align=&#8221;center&#8221; header_2_text_color=&#8221;#FFFFFF&#8221; header_2_font_size=&#8221;72px&#8221; header_2_font_size_tablet=&#8221;72px&#8221; header_2_font_size_phone=&#8221;52px&#8221; header_2_font_size_last_edited=&#8221;on|phone&#8221; global_colors_info=&#8221;{}&#8221;]<\/p>\n<h2>NA\u0160I PROIZVODI<\/h2>\n<p>[\/et_pb_text][\/et_pb_column][\/et_pb_row][\/et_pb_section][et_pb_section fb_built=&#8221;1&#8243; admin_label=&#8221;About&#8221; _builder_version=&#8221;4.25.1&#8243; background_color=&#8221;#f8f5f3&#8243; background_enable_image=&#8221;off&#8221; custom_padding=&#8221;3vw||||false|false&#8221; locked=&#8221;off&#8221; global_colors_info=&#8221;{}&#8221;][et_pb_row column_structure=&#8221;1_2,1_2&#8243; make_equal=&#8221;on&#8221; _builder_version=&#8221;4.16&#8243; global_colors_info=&#8221;{}&#8221;][et_pb_column type=&#8221;1_2&#8243; _builder_version=&#8221;4.16&#8243; global_colors_info=&#8221;{}&#8221;][et_pb_text _builder_version=&#8221;4.25.1&#8243; text_font=&#8221;Montserrat||||||||&#8221; text_font_size=&#8221;17px&#8221; text_line_height=&#8221;2em&#8221; header_font=&#8221;Montserrat||||||||&#8221; header_text_color=&#8221;#000000&#8243; header_font_size=&#8221;26px&#8221; max_width=&#8221;800px&#8221; text_font_size_tablet=&#8221;14px&#8221; text_font_size_phone=&#8221;18px&#8221; text_font_size_last_edited=&#8221;on|desktop&#8221; text_line_height_phone=&#8221;1.6em&#8221; text_line_height_last_edited=&#8221;off|desktop&#8221; header_font_size_tablet=&#8221;26px&#8221; header_font_size_phone=&#8221;24px&#8221; header_font_size_last_edited=&#8221;on|phone&#8221; locked=&#8221;off&#8221; global_colors_info=&#8221;{}&#8221;]<\/p>\n<h1 style=\"text-align: left;\">Otkrijte na\u0161e jedinstvene doma\u0107e proizvode kreirane s ljubavlju i pa\u017enjom prema tradiciji.<\/h1>\n<p>&nbsp;<\/p>\n<h1><em>BEZDANSKI GROM<\/em><\/h1>\n<p>Bezdanski Grom je neizostavni deo na\u0161eg identiteta, pravi delikates za sve ljubitelje ljute hrane. Ovaj za\u010dinski specijalitet je napravljen od sve\u017ee, ljute bezdanske paprike, koja je pa\u017eljivo birana kako bi se osigurao vrhunski kvalitet i autenti\u010dan ukus. Proces pravljenja Bezdanskog Groma uklju\u010duje tradicionalne metode koje se prenose generacijama, \u0161to garantuje da svaki zalogaj ovog za\u010dina donosi neponovljiv do\u017eivljaj.<\/p>\n<p>Bezdanski Grom je savr\u0161en dodatak za sve vrste jela. Njegova pikantnost i bogat ukus dodatno \u0107e oplemeniti va\u0161e obroke i u\u010diniti ih nezaboravnim. Idealno je re\u0161enje za sve kuvare i gurmane koji \u017eele da svojim jelima dodaju dozu vatrene ljutine.<\/p>\n<p>[\/et_pb_text][\/et_pb_column][et_pb_column type=&#8221;1_2&#8243; _builder_version=&#8221;4.16&#8243; custom_padding=&#8221;35px||65px||false|false&#8221; custom_padding_last_edited=&#8221;off|desktop&#8221; border_width_all=&#8221;20px&#8221; border_color_all=&#8221;#2B343B&#8221; global_colors_info=&#8221;{}&#8221;][et_pb_image src=&#8221;https:\/\/cardakodcarine.com\/wp-content\/uploads\/2024\/05\/Dark-Gold-Premium-Product-Ad-Instagram-Post-2.png&#8221; title_text=&#8221;Dark Gold Premium Product Ad Instagram Post (2)&#8221; _builder_version=&#8221;4.25.1&#8243; background_enable_color=&#8221;off&#8221; custom_margin=&#8221;|0px||-60px|false|false&#8221; custom_margin_tablet=&#8221;0%|||0%|false|false&#8221; custom_margin_last_edited=&#8221;off|desktop&#8221; animation_style=&#8221;zoom&#8221; locked=&#8221;off&#8221; global_colors_info=&#8221;{}&#8221;][\/et_pb_image][\/et_pb_column][\/et_pb_row][\/et_pb_section][et_pb_section fb_built=&#8221;1&#8243; admin_label=&#8221;About&#8221; _builder_version=&#8221;4.25.1&#8243; background_color=&#8221;#f8f5f3&#8243; background_enable_image=&#8221;off&#8221; custom_margin=&#8221;-25px||||false|false&#8221; custom_margin_tablet=&#8221;-25px||||false|false&#8221; custom_margin_phone=&#8221;-77px||||false|false&#8221; custom_margin_last_edited=&#8221;on|phone&#8221; custom_padding=&#8221;0vw||||false|false&#8221; locked=&#8221;off&#8221; global_colors_info=&#8221;{}&#8221;][et_pb_row column_structure=&#8221;1_2,1_2&#8243; make_equal=&#8221;on&#8221; _builder_version=&#8221;4.16&#8243; locked=&#8221;off&#8221; global_colors_info=&#8221;{}&#8221;][et_pb_column type=&#8221;1_2&#8243; _builder_version=&#8221;4.16&#8243; global_colors_info=&#8221;{}&#8221;][et_pb_text _builder_version=&#8221;4.25.1&#8243; text_font=&#8221;Montserrat||||||||&#8221; text_font_size=&#8221;17px&#8221; text_line_height=&#8221;2em&#8221; header_font=&#8221;Montserrat||||||||&#8221; header_text_color=&#8221;#000000&#8243; header_font_size=&#8221;26px&#8221; max_width=&#8221;800px&#8221; text_font_size_tablet=&#8221;14px&#8221; text_font_size_phone=&#8221;18px&#8221; text_font_size_last_edited=&#8221;on|desktop&#8221; text_line_height_phone=&#8221;1.6em&#8221; text_line_height_last_edited=&#8221;off|desktop&#8221; header_font_size_tablet=&#8221;26px&#8221; header_font_size_phone=&#8221;24px&#8221; header_font_size_last_edited=&#8221;on|phone&#8221; locked=&#8221;off&#8221; global_colors_info=&#8221;{}&#8221;]<\/p>\n<h1 style=\"text-align: left;\"><\/h1>\n<p>&nbsp;<\/p>\n<h1><em>MARINIRANA DEVERIKA<\/em><\/h1>\n<p>Na\u0161a Marinirana Deverika je pravi biser tradicionalne kuhinje. Pripremljena je od sve\u017ee dunavske ribe, koja se marinira na tradicionalan na\u010din kako bi se o\u010duvala njena prirodna sve\u017eina i bogat ukus. Proces mariniranja uklju\u010duje pa\u017eljivo odabrane sastojke i metodi\u010dnu pripremu, \u0161to rezultira proizvodom koji je bogat aromom i savr\u0161en za sve ljubitelje ribljih specijaliteta.<\/p>\n<p>Marinirana Deverika je idealna kao predjelo, a njen delikatan ukus najbolje dolazi do izra\u017eaja uz \u010da\u0161u dobrog vina i dru\u0161tvo dragih ljudi. Bilo da je servirate uz doma\u0107i hleb i maslinovo ulje, ili kao deo bogatije riblje gozbe, ova deverika \u0107e svojim ukusom zadovoljiti i najzahtevnije gurmane.<\/p>\n<p>[\/et_pb_text][\/et_pb_column][et_pb_column type=&#8221;1_2&#8243; _builder_version=&#8221;4.16&#8243; custom_padding=&#8221;35px||65px||false|false&#8221; custom_padding_last_edited=&#8221;off|desktop&#8221; border_width_all=&#8221;20px&#8221; border_color_all=&#8221;#2B343B&#8221; global_colors_info=&#8221;{}&#8221;][et_pb_image src=&#8221;https:\/\/cardakodcarine.com\/wp-content\/uploads\/2024\/05\/Dark-Gold-Premium-Product-Ad-Instagram-Post-3.png&#8221; title_text=&#8221;Dark Gold Premium Product Ad Instagram Post (3)&#8221; _builder_version=&#8221;4.25.1&#8243; background_enable_color=&#8221;off&#8221; custom_margin=&#8221;|0px||-60px|false|false&#8221; custom_margin_tablet=&#8221;0%|||0%|false|false&#8221; custom_margin_last_edited=&#8221;off|desktop&#8221; animation_style=&#8221;zoom&#8221; locked=&#8221;off&#8221; global_colors_info=&#8221;{}&#8221;][\/et_pb_image][\/et_pb_column][\/et_pb_row][et_pb_row _builder_version=&#8221;4.25.1&#8243; _module_preset=&#8221;default&#8221; global_colors_info=&#8221;{}&#8221;][et_pb_column type=&#8221;4_4&#8243; _builder_version=&#8221;4.25.1&#8243; _module_preset=&#8221;default&#8221; global_colors_info=&#8221;{}&#8221;][et_pb_text _builder_version=&#8221;4.25.1&#8243; _module_preset=&#8221;default&#8221; header_font=&#8221;Montserrat||on||||||&#8221; header_text_align=&#8221;center&#8221; header_font_size=&#8221;25px&#8221; header_font_size_tablet=&#8221;25px&#8221; header_font_size_phone=&#8221;21px&#8221; header_font_size_last_edited=&#8221;on|phone&#8221; global_colors_info=&#8221;{}&#8221;]<\/p>\n<h1>Verujemo da \u0107e ovi proizvodi postati va\u0161i favoriti i da \u0107ete se uvek vra\u0107ati po jo\u0161.<\/h1>\n<p>[\/et_pb_text][\/et_pb_column][\/et_pb_row][\/et_pb_section][et_pb_section fb_built=&#8221;1&#8243; admin_label=&#8221;Testimonials&#8221; _builder_version=&#8221;4.25.1&#8243; background_color=&#8221;#f8f5f3&#8243; background_enable_image=&#8221;off&#8221; custom_margin_tablet=&#8221;&#8221; custom_margin_phone=&#8221;-57px||||false|false&#8221; custom_margin_last_edited=&#8221;on|phone&#8221; custom_padding=&#8221;0px||||false|false&#8221; locked=&#8221;off&#8221; global_colors_info=&#8221;{}&#8221;][et_pb_row _builder_version=&#8221;4.25.1&#8243; background_enable_color=&#8221;off&#8221; custom_padding=&#8221;||0px||false|false&#8221; global_colors_info=&#8221;{}&#8221;][et_pb_column type=&#8221;4_4&#8243; _builder_version=&#8221;4.25.1&#8243; global_colors_info=&#8221;{}&#8221;][et_pb_slider show_arrows=&#8221;off&#8221; dot_nav_custom_color=&#8221;#2b343b&#8221; _builder_version=&#8221;4.25.1&#8243; header_font=&#8221;||||||||&#8221; body_font=&#8221;Montserrat|800|on||||||&#8221; body_text_color=&#8221;#5e5e5e&#8221; body_font_size=&#8221;48px&#8221; body_line_height=&#8221;1.4em&#8221; background_color=&#8221;rgba(0,0,0,0)&#8221; custom_padding=&#8221;0px|0px|100px|0px|false|false&#8221; animation_style=&#8221;fade&#8221; animation_duration=&#8221;1450ms&#8221; body_font_size_tablet=&#8221;25px&#8221; body_font_size_phone=&#8221;22px&#8221; body_font_size_last_edited=&#8221;on|phone&#8221; text_shadow_style=&#8221;preset5&#8243; text_shadow_color=&#8221;rgba(0,0,0,0)&#8221; locked=&#8221;off&#8221; global_colors_info=&#8221;{}&#8221;][et_pb_slide _builder_version=&#8221;4.25.1&#8243; locked=&#8221;off&#8221; global_colors_info=&#8221;{}&#8221; sticky_transition=&#8221;on&#8221;]<\/p>\n<p>U \u010cardi kod Carine, svaki obrok postaje nezaboravno iskustvo. Dobrodo\u0161li i prijatno!<\/p>\n<p>[\/et_pb_slide][et_pb_slide _builder_version=&#8221;4.25.1&#8243; locked=&#8221;off&#8221; global_colors_info=&#8221;{}&#8221; sticky_transition=&#8221;on&#8221;]<\/p>\n<p>U \u010cardi kod Carine, svaki obrok postaje nezaboravno iskustvo. Dobrodo\u0161li i prijatno!<\/p>\n<p>[\/et_pb_slide][et_pb_slide _builder_version=&#8221;4.25.1&#8243; locked=&#8221;off&#8221; global_colors_info=&#8221;{}&#8221; sticky_transition=&#8221;on&#8221;]<\/p>\n<p>U \u010cardi kod Carine, svaki obrok postaje nezaboravno iskustvo. Dobrodo\u0161li i prijatno!<\/p>\n<p>[\/et_pb_slide][\/et_pb_slider][\/et_pb_column][\/et_pb_row][\/et_pb_section][et_pb_section fb_built=&#8221;1&#8243; admin_label=&#8221;Footer&#8221; _builder_version=&#8221;4.27.4&#8243; _module_preset=&#8221;default&#8221; background_color=&#8221;#1f1f1f&#8221; use_background_color_gradient=&#8221;on&#8221; background_color_gradient_stops=&#8221;rgba(31,31,31,0.88) 0%|rgba(31,31,31,0.9) 100%&#8221; background_color_gradient_overlays_image=&#8221;on&#8221; background_image=&#8221;https:\/\/cardakodcarine.com\/wp-content\/uploads\/2025\/04\/WhatsApp-Image-2024-08-06-at-00.17.20.jpeg&#8221; custom_margin=&#8221;||6px|||&#8221; saved_tabs=&#8221;all&#8221; collapsed=&#8221;on&#8221; global_colors_info=&#8221;{}&#8221; theme_builder_area=&#8221;post_content&#8221;][et_pb_row column_structure=&#8221;1_3,1_3,1_3&#8243; _builder_version=&#8221;4.18.0&#8243; _module_preset=&#8221;default&#8221; global_colors_info=&#8221;{}&#8221; theme_builder_area=&#8221;post_content&#8221;][et_pb_column type=&#8221;1_3&#8243; _builder_version=&#8221;4.18.0&#8243; _module_preset=&#8221;default&#8221; global_colors_info=&#8221;{}&#8221; theme_builder_area=&#8221;post_content&#8221;][et_pb_blurb title=&#8221;LOKACIJA&#8221; image=&#8221;https:\/\/cardakodcarine.com\/wp-content\/uploads\/2025\/04\/ChatGPT-Image-Apr-26-2025-02_25_48-PM.png&#8221; icon_placement=&#8221;left&#8221; image_icon_width=&#8221;64px&#8221; content_max_width=&#8221;100%&#8221; _builder_version=&#8221;4.27.4&#8243; _module_preset=&#8221;cccd144a-8bd8-4db0-ac93-b16433e9ed87&#8243; header_font=&#8221;Baskervville|700|||||||&#8221; header_text_color=&#8221;#FFFFFF&#8221; header_font_size=&#8221;18px&#8221; header_line_height=&#8221;1.3em&#8221; body_font=&#8221;Hind||||||||&#8221; body_text_color=&#8221;#FFFFFF&#8221; body_line_height=&#8221;1.4em&#8221; body_link_text_color=&#8221;#23CDE7&#8243; animation=&#8221;off&#8221; header_font_size_tablet=&#8221;16px&#8221; header_font_size_phone=&#8221;14px&#8221; header_font_size_last_edited=&#8221;on|desktop&#8221; locked=&#8221;off&#8221; global_colors_info=&#8221;{}&#8221; theme_builder_area=&#8221;post_content&#8221;]<\/p>\n<p><span>Carinska zona bb<\/span><\/p>\n<p>[\/et_pb_blurb][\/et_pb_column][et_pb_column type=&#8221;1_3&#8243; _builder_version=&#8221;4.18.0&#8243; _module_preset=&#8221;default&#8221; global_colors_info=&#8221;{}&#8221; theme_builder_area=&#8221;post_content&#8221;][et_pb_blurb title=&#8221;KONTAKT&#8221; image=&#8221;https:\/\/cardakodcarine.com\/wp-content\/uploads\/2025\/04\/ChatGPT-Image-Apr-26-2025-02_28_10-PM.png&#8221; icon_placement=&#8221;left&#8221; image_icon_width=&#8221;64px&#8221; content_max_width=&#8221;100%&#8221; _builder_version=&#8221;4.27.4&#8243; _module_preset=&#8221;cccd144a-8bd8-4db0-ac93-b16433e9ed87&#8243; header_font=&#8221;Baskervville|700|||||||&#8221; header_text_color=&#8221;#FFFFFF&#8221; header_font_size=&#8221;18px&#8221; header_line_height=&#8221;1.3em&#8221; body_font=&#8221;Hind||||||||&#8221; body_text_color=&#8221;#FFFFFF&#8221; body_line_height=&#8221;1.4em&#8221; body_link_text_color=&#8221;#23CDE7&#8243; animation=&#8221;off&#8221; header_font_size_tablet=&#8221;16px&#8221; header_font_size_phone=&#8221;14px&#8221; header_font_size_last_edited=&#8221;on|desktop&#8221; locked=&#8221;off&#8221; global_colors_info=&#8221;{}&#8221; theme_builder_area=&#8221;post_content&#8221;]<\/p>\n<p><span>025\/819-960<\/span><\/p>\n<p>[\/et_pb_blurb][\/et_pb_column][et_pb_column type=&#8221;1_3&#8243; _builder_version=&#8221;4.18.0&#8243; _module_preset=&#8221;default&#8221; global_colors_info=&#8221;{}&#8221; theme_builder_area=&#8221;post_content&#8221;][et_pb_blurb title=&#8221;RADNO VREME&#8221; image=&#8221;https:\/\/cardakodcarine.com\/wp-content\/uploads\/2025\/04\/ChatGPT-Image-Apr-26-2025-02_30_10-PM.png&#8221; icon_placement=&#8221;left&#8221; image_icon_width=&#8221;64px&#8221; content_max_width=&#8221;100%&#8221; _builder_version=&#8221;4.27.4&#8243; _module_preset=&#8221;cccd144a-8bd8-4db0-ac93-b16433e9ed87&#8243; header_font=&#8221;Baskervville|700|||||||&#8221; header_text_color=&#8221;#FFFFFF&#8221; header_font_size=&#8221;18px&#8221; header_line_height=&#8221;1.3em&#8221; body_font=&#8221;Hind||||||||&#8221; body_text_color=&#8221;#FFFFFF&#8221; body_line_height=&#8221;1.4em&#8221; body_link_text_color=&#8221;#23CDE7&#8243; animation=&#8221;off&#8221; header_font_size_tablet=&#8221;16px&#8221; header_font_size_phone=&#8221;14px&#8221; header_font_size_last_edited=&#8221;on|desktop&#8221; locked=&#8221;off&#8221; global_colors_info=&#8221;{}&#8221; theme_builder_area=&#8221;post_content&#8221;]<\/p>\n<p><span style=\"font-size: 15px;\">Svaki dan 10:00 \u2013 22:00h<\/span><\/p>\n<p>[\/et_pb_blurb][\/et_pb_column][\/et_pb_row][et_pb_row column_structure=&#8221;1_2,1_2&#8243; _builder_version=&#8221;4.18.0&#8243; _module_preset=&#8221;default&#8221; custom_padding=&#8221;20px||||false|false&#8221; border_color_all=&#8221;#FFDD67&#8243; border_width_top=&#8221;1px&#8221; global_colors_info=&#8221;{}&#8221; theme_builder_area=&#8221;post_content&#8221;][et_pb_column type=&#8221;1_2&#8243; _builder_version=&#8221;4.18.0&#8243; _module_preset=&#8221;default&#8221; global_colors_info=&#8221;{}&#8221; theme_builder_area=&#8221;post_content&#8221;][et_pb_text _builder_version=&#8221;4.18.0&#8243; _dynamic_attributes=&#8221;content&#8221; _module_preset=&#8221;1f09816e-184e-4ce5-a4cf-b39c52c423ca&#8221; text_font=&#8221;Hind||||||||&#8221; text_text_color=&#8221;#FFFFFF&#8221; text_font_size=&#8221;16px&#8221; text_line_height=&#8221;1.8em&#8221; link_text_color=&#8221;#23CDE7&#8243; text_font_size_tablet=&#8221;15px&#8221; text_font_size_phone=&#8221;14px&#8221; text_font_size_last_edited=&#8221;on|phone&#8221; header_font_size_tablet=&#8221;55px&#8221; header_font_size_last_edited=&#8221;off|desktop&#8221; global_colors_info=&#8221;{}&#8221; theme_builder_area=&#8221;post_content&#8221;]@ET-DC@eyJkeW5hbWljIjp0cnVlLCJjb250ZW50IjoiY3VycmVudF9kYXRlIiwic2V0dGluZ3MiOnsiYmVmb3JlIjoiQ29weXJpZ2h0ICZjb3B5OyAiLCJhZnRlciI6IiIsImRhdGVfZm9ybWF0IjoiY3VzdG9tIiwiY3VzdG9tX2RhdGVfZm9ybWF0IjoiWSJ9fQ==@[\/et_pb_text][\/et_pb_column][et_pb_column type=&#8221;1_2&#8243; _builder_version=&#8221;4.18.0&#8243; _module_preset=&#8221;default&#8221; global_colors_info=&#8221;{}&#8221; theme_builder_area=&#8221;post_content&#8221;][et_pb_social_media_follow _builder_version=&#8221;4.27.4&#8243; _module_preset=&#8221;default&#8221; text_orientation=&#8221;right&#8221; text_orientation_tablet=&#8221;left&#8221; text_orientation_phone=&#8221;&#8221; text_orientation_last_edited=&#8221;on|tablet&#8221; global_colors_info=&#8221;{}&#8221; theme_builder_area=&#8221;post_content&#8221;][et_pb_social_media_follow_network social_network=&#8221;facebook&#8221; url=&#8221;https:\/\/www.facebook.com\/cardakodcarine1?locale=sr_RS&#8221; _builder_version=&#8221;4.27.4&#8243; _module_preset=&#8221;default&#8221; global_colors_info=&#8221;{}&#8221; theme_builder_area=&#8221;post_content&#8221; follow_button=&#8221;off&#8221; url_new_window=&#8221;on&#8221;]facebook[\/et_pb_social_media_follow_network][et_pb_social_media_follow_network social_network=&#8221;instagram&#8221; url=&#8221;https:\/\/www.instagram.com\/kodcarine\/&#8221; _builder_version=&#8221;4.27.4&#8243; _module_preset=&#8221;default&#8221; global_colors_info=&#8221;{}&#8221; theme_builder_area=&#8221;post_content&#8221; follow_button=&#8221;off&#8221; url_new_window=&#8221;on&#8221;]instagram[\/et_pb_social_media_follow_network][\/et_pb_social_media_follow][\/et_pb_column][\/et_pb_row][\/et_pb_section]<\/p>\n","protected":false},"excerpt":{"rendered":"<p>NA\u0160I PROIZVODIOtkrijte na\u0161e jedinstvene doma\u0107e proizvode kreirane s ljubavlju i pa\u017enjom prema tradiciji. &nbsp; BEZDANSKI GROM Bezdanski Grom je neizostavni deo na\u0161eg identiteta, pravi delikates za sve ljubitelje ljute hrane. Ovaj za\u010dinski specijalitet je napravljen od sve\u017ee, ljute bezdanske paprike, koja je pa\u017eljivo birana kako bi se osigurao vrhunski kvalitet i autenti\u010dan ukus. Proces pravljenja [&hellip;]<\/p>\n","protected":false},"author":1,"featured_media":0,"parent":0,"menu_order":0,"comment_status":"closed","ping_status":"closed","template":"","meta":{"_et_pb_use_builder":"on","_et_pb_old_content":"","_et_gb_content_width":"","footnotes":""},"class_list":["post-198","page","type-page","status-publish","hentry"],"yoast_head":"<!-- This site is optimized with the Yoast SEO plugin v26.6 - https:\/\/yoast.com\/wordpress\/plugins\/seo\/ -->\n<title>Na\u0161i proizvodi - Carda kod carine<\/title>\n<meta name=\"robots\" content=\"index, follow, max-snippet:-1, max-image-preview:large, max-video-preview:-1\" \/>\n<link rel=\"canonical\" href=\"https:\/\/cardakodcarine.com\/index.php\/nasi-proizvodi\/\" \/>\n<meta property=\"og:locale\" content=\"en_US\" \/>\n<meta property=\"og:type\" content=\"article\" \/>\n<meta property=\"og:title\" content=\"Na\u0161i proizvodi - Carda kod carine\" \/>\n<meta property=\"og:description\" content=\"NA\u0160I PROIZVODIOtkrijte na\u0161e jedinstvene doma\u0107e proizvode kreirane s ljubavlju i pa\u017enjom prema tradiciji. &nbsp; BEZDANSKI GROM Bezdanski Grom je neizostavni deo na\u0161eg identiteta, pravi delikates za sve ljubitelje ljute hrane. Ovaj za\u010dinski specijalitet je napravljen od sve\u017ee, ljute bezdanske paprike, koja je pa\u017eljivo birana kako bi se osigurao vrhunski kvalitet i autenti\u010dan ukus. Proces pravljenja [&hellip;]\" \/>\n<meta property=\"og:url\" content=\"https:\/\/cardakodcarine.com\/index.php\/nasi-proizvodi\/\" \/>\n<meta property=\"og:site_name\" content=\"Carda kod carine\" \/>\n<meta property=\"article:publisher\" content=\"https:\/\/www.facebook.com\/cardakodcarine1?locale=sr_RS\" \/>\n<meta property=\"article:modified_time\" content=\"2025-04-26T12:49:15+00:00\" \/>\n<meta name=\"twitter:card\" content=\"summary_large_image\" \/>\n<script type=\"application\/ld+json\" class=\"yoast-schema-graph\">{\"@context\":\"https:\/\/schema.org\",\"@graph\":[{\"@type\":\"WebPage\",\"@id\":\"https:\/\/cardakodcarine.com\/index.php\/nasi-proizvodi\/\",\"url\":\"https:\/\/cardakodcarine.com\/index.php\/nasi-proizvodi\/\",\"name\":\"Na\u0161i proizvodi - Carda kod carine\",\"isPartOf\":{\"@id\":\"https:\/\/cardakodcarine.com\/#website\"},\"datePublished\":\"2024-05-26T19:49:18+00:00\",\"dateModified\":\"2025-04-26T12:49:15+00:00\",\"breadcrumb\":{\"@id\":\"https:\/\/cardakodcarine.com\/index.php\/nasi-proizvodi\/#breadcrumb\"},\"inLanguage\":\"en-US\",\"potentialAction\":[{\"@type\":\"ReadAction\",\"target\":[\"https:\/\/cardakodcarine.com\/index.php\/nasi-proizvodi\/\"]}]},{\"@type\":\"BreadcrumbList\",\"@id\":\"https:\/\/cardakodcarine.com\/index.php\/nasi-proizvodi\/#breadcrumb\",\"itemListElement\":[{\"@type\":\"ListItem\",\"position\":1,\"name\":\"Home\",\"item\":\"https:\/\/cardakodcarine.com\/\"},{\"@type\":\"ListItem\",\"position\":2,\"name\":\"Na\u0161i proizvodi\"}]},{\"@type\":\"WebSite\",\"@id\":\"https:\/\/cardakodcarine.com\/#website\",\"url\":\"https:\/\/cardakodcarine.com\/\",\"name\":\"Carda kod carine\",\"description\":\"\",\"publisher\":{\"@id\":\"https:\/\/cardakodcarine.com\/#organization\"},\"potentialAction\":[{\"@type\":\"SearchAction\",\"target\":{\"@type\":\"EntryPoint\",\"urlTemplate\":\"https:\/\/cardakodcarine.com\/?s={search_term_string}\"},\"query-input\":{\"@type\":\"PropertyValueSpecification\",\"valueRequired\":true,\"valueName\":\"search_term_string\"}}],\"inLanguage\":\"en-US\"},{\"@type\":\"Organization\",\"@id\":\"https:\/\/cardakodcarine.com\/#organization\",\"name\":\"Carda kod carine\",\"url\":\"https:\/\/cardakodcarine.com\/\",\"logo\":{\"@type\":\"ImageObject\",\"inLanguage\":\"en-US\",\"@id\":\"https:\/\/cardakodcarine.com\/#\/schema\/logo\/image\/\",\"url\":\"https:\/\/cardakodcarine.com\/wp-content\/uploads\/2024\/03\/CARDA-KODCARINE-4.png\",\"contentUrl\":\"https:\/\/cardakodcarine.com\/wp-content\/uploads\/2024\/03\/CARDA-KODCARINE-4.png\",\"width\":500,\"height\":500,\"caption\":\"Carda kod carine\"},\"image\":{\"@id\":\"https:\/\/cardakodcarine.com\/#\/schema\/logo\/image\/\"},\"sameAs\":[\"https:\/\/www.facebook.com\/cardakodcarine1?locale=sr_RS\"]}]}<\/script>\n<!-- \/ Yoast SEO plugin. -->","yoast_head_json":{"title":"Na\u0161i proizvodi - Carda kod carine","robots":{"index":"index","follow":"follow","max-snippet":"max-snippet:-1","max-image-preview":"max-image-preview:large","max-video-preview":"max-video-preview:-1"},"canonical":"https:\/\/cardakodcarine.com\/index.php\/nasi-proizvodi\/","og_locale":"en_US","og_type":"article","og_title":"Na\u0161i proizvodi - Carda kod carine","og_description":"NA\u0160I PROIZVODIOtkrijte na\u0161e jedinstvene doma\u0107e proizvode kreirane s ljubavlju i pa\u017enjom prema tradiciji. &nbsp; BEZDANSKI GROM Bezdanski Grom je neizostavni deo na\u0161eg identiteta, pravi delikates za sve ljubitelje ljute hrane. Ovaj za\u010dinski specijalitet je napravljen od sve\u017ee, ljute bezdanske paprike, koja je pa\u017eljivo birana kako bi se osigurao vrhunski kvalitet i autenti\u010dan ukus. Proces pravljenja [&hellip;]","og_url":"https:\/\/cardakodcarine.com\/index.php\/nasi-proizvodi\/","og_site_name":"Carda kod carine","article_publisher":"https:\/\/www.facebook.com\/cardakodcarine1?locale=sr_RS","article_modified_time":"2025-04-26T12:49:15+00:00","twitter_card":"summary_large_image","schema":{"@context":"https:\/\/schema.org","@graph":[{"@type":"WebPage","@id":"https:\/\/cardakodcarine.com\/index.php\/nasi-proizvodi\/","url":"https:\/\/cardakodcarine.com\/index.php\/nasi-proizvodi\/","name":"Na\u0161i proizvodi - Carda kod carine","isPartOf":{"@id":"https:\/\/cardakodcarine.com\/#website"},"datePublished":"2024-05-26T19:49:18+00:00","dateModified":"2025-04-26T12:49:15+00:00","breadcrumb":{"@id":"https:\/\/cardakodcarine.com\/index.php\/nasi-proizvodi\/#breadcrumb"},"inLanguage":"en-US","potentialAction":[{"@type":"ReadAction","target":["https:\/\/cardakodcarine.com\/index.php\/nasi-proizvodi\/"]}]},{"@type":"BreadcrumbList","@id":"https:\/\/cardakodcarine.com\/index.php\/nasi-proizvodi\/#breadcrumb","itemListElement":[{"@type":"ListItem","position":1,"name":"Home","item":"https:\/\/cardakodcarine.com\/"},{"@type":"ListItem","position":2,"name":"Na\u0161i proizvodi"}]},{"@type":"WebSite","@id":"https:\/\/cardakodcarine.com\/#website","url":"https:\/\/cardakodcarine.com\/","name":"Carda kod carine","description":"","publisher":{"@id":"https:\/\/cardakodcarine.com\/#organization"},"potentialAction":[{"@type":"SearchAction","target":{"@type":"EntryPoint","urlTemplate":"https:\/\/cardakodcarine.com\/?s={search_term_string}"},"query-input":{"@type":"PropertyValueSpecification","valueRequired":true,"valueName":"search_term_string"}}],"inLanguage":"en-US"},{"@type":"Organization","@id":"https:\/\/cardakodcarine.com\/#organization","name":"Carda kod carine","url":"https:\/\/cardakodcarine.com\/","logo":{"@type":"ImageObject","inLanguage":"en-US","@id":"https:\/\/cardakodcarine.com\/#\/schema\/logo\/image\/","url":"https:\/\/cardakodcarine.com\/wp-content\/uploads\/2024\/03\/CARDA-KODCARINE-4.png","contentUrl":"https:\/\/cardakodcarine.com\/wp-content\/uploads\/2024\/03\/CARDA-KODCARINE-4.png","width":500,"height":500,"caption":"Carda kod carine"},"image":{"@id":"https:\/\/cardakodcarine.com\/#\/schema\/logo\/image\/"},"sameAs":["https:\/\/www.facebook.com\/cardakodcarine1?locale=sr_RS"]}]}},"_links":{"self":[{"href":"https:\/\/cardakodcarine.com\/index.php\/wp-json\/wp\/v2\/pages\/198","targetHints":{"allow":["GET"]}}],"collection":[{"href":"https:\/\/cardakodcarine.com\/index.php\/wp-json\/wp\/v2\/pages"}],"about":[{"href":"https:\/\/cardakodcarine.com\/index.php\/wp-json\/wp\/v2\/types\/page"}],"author":[{"embeddable":true,"href":"https:\/\/cardakodcarine.com\/index.php\/wp-json\/wp\/v2\/users\/1"}],"replies":[{"embeddable":true,"href":"https:\/\/cardakodcarine.com\/index.php\/wp-json\/wp\/v2\/comments?post=198"}],"version-history":[{"count":9,"href":"https:\/\/cardakodcarine.com\/index.php\/wp-json\/wp\/v2\/pages\/198\/revisions"}],"predecessor-version":[{"id":285,"href":"https:\/\/cardakodcarine.com\/index.php\/wp-json\/wp\/v2\/pages\/198\/revisions\/285"}],"wp:attachment":[{"href":"https:\/\/cardakodcarine.com\/index.php\/wp-json\/wp\/v2\/media?parent=198"}],"curies":[{"name":"wp","href":"https:\/\/api.w.org\/{rel}","templated":true}]}}